{"id":26,"date":"2011-10-16T16:24:15","date_gmt":"2011-10-16T15:24:15","guid":{"rendered":"http:\/\/usvit.domkaliskova.sk\/?page_id=26"},"modified":"2011-12-26T13:03:51","modified_gmt":"2011-12-26T12:03:51","slug":"zoznam-clenov-timov","status":"publish","type":"page","link":"https:\/\/usvit2011.domkaliskova.sk\/?page_id=26","title":{"rendered":"Zoznam \u010dlenov t\u00edmov"},"content":{"rendered":"<p><span style=\"text-decoration: underline;\">On\u00f4 nedohodnut\u00f4<\/span> (8)<br \/>\n<strong>Ved\u00faci:<\/strong> Ivana Moj\u0161ov\u00e1, Veronika \u0160aravsk\u00e1, Mat\u00fa\u0161 Da\u0148o<br \/>\n<strong>\u010clenovia:<\/strong> Ane\u017eka \u0160aravsk\u00e1, Paul\u00edna Moj\u0161ov\u00e1, R\u00f3bert Ba\u010d\u00edk, Marek Urm\u00edn, M\u00e1rio Piecka, Katar\u00edna Kozov\u00e1, Filip Har\u00ed\u0148<\/p>\n<p><span style=\"text-decoration: underline;\">RVHP ( Rekrea\u010dno vynaliezav\u00e9 hnutie profesion\u00e1lov)<\/span> (9)<br \/>\n<strong>Ved\u00faci:<\/strong> Marianna Urm\u00ednov\u00e1, Veronika Hali\u010dkov\u00e1, Michal Forg\u00e1\u010d<br \/>\n<strong>\u010clenovia:<\/strong> Petrana Har\u00ed\u0148ov\u00e1, Matej Sekan, Monika Laukov\u00e1, J\u00falia \u0160rob\u00e1rov\u00e1, Krist\u00edna Karn\u00edkov\u00e1, Samuel Sekan<\/p>\n<p><span style=\"text-decoration: underline;\">Bratstvo orgonitu<\/span> (9)<br \/>\n<strong>Ved\u00faci:<\/strong> Dominik Timko, Veronika Pudi\u0161ov\u00e1, Jakub Kubala<br \/>\n<strong> \u010clenovia:<\/strong> Luk\u00e1\u0161 Piecka, Filip Kubala, Simona Kubalov\u00e1, Jakub Litviak, Lenka Litviakov\u00e1, Oliver Kubala<\/p>\n<p><span style=\"text-decoration: underline;\">Alpha svorka<\/span> (10)<br \/>\n<strong>Ved\u00faci:<\/strong> Barbora Kubalov\u00e1, Zuzana Ro\u0161tekov\u00e1<br \/>\n<strong>\u010clenovia:<\/strong>Denisa Kubalov\u00e1, Stella Ba\u010d\u00edkov\u00e1, Michal Kubo\u0161ko, Andrej Boron\u010do, Luk\u00e1\u0161 Kucko, Radka Kubalov\u00e1, Filip Mrva, Patrik Kubala<\/p>\n<p><span style=\"text-decoration: underline;\">My sme Fun R\u00e1dio<\/span> (10)<br \/>\n<strong>Ved\u00faci:<\/strong> Matej Karn\u00edk, Katar\u00edna Adam\u010diakov\u00e1<br \/>\n<strong>\u010clenovia:<\/strong> Nat\u00e1lia Kubalov\u00e1, Veronika Vierikov\u00e1, Tade\u00e1\u0161 \u0160rob\u00e1r, Krist\u00edna Holom\u00e1\u0148ov\u00e1, Nat\u00e1lia Chovanov\u00e1, Sebasti\u00e1n \u0160rob\u00e1r, Samuel Kubala<\/p>\n","protected":false},"excerpt":{"rendered":"<p>On\u00f4 nedohodnut\u00f4 (8) Ved\u00faci: Ivana Moj\u0161ov\u00e1, Veronika \u0160aravsk\u00e1, Mat\u00fa\u0161 Da\u0148o \u010clenovia: Ane\u017eka \u0160aravsk\u00e1, Paul\u00edna Moj\u0161ov\u00e1, R\u00f3bert Ba\u010d\u00edk, Marek Urm\u00edn, M\u00e1rio Piecka, Katar\u00edna Kozov\u00e1, Filip Har\u00ed\u0148 RVHP ( Rekrea\u010dno vynaliezav\u00e9 hnutie profesion\u00e1lov) (9) Ved\u00faci: Marianna Urm\u00ednov\u00e1, Veronika Hali\u010dkov\u00e1, Michal Forg\u00e1\u010d \u010clenovia: &hellip; <a href=\"https:\/\/usvit2011.domkaliskova.sk\/?page_id=26\">Pokra\u010dova\u0165 v \u010d\u00edtan\u00ed <span class=\"meta-nav\">&rarr;<\/span><\/a><\/p>\n","protected":false},"author":1,"featured_media":0,"parent":0,"menu_order":0,"comment_status":"open","ping_status":"open","template":"","meta":[],"class_list":["post-26","page","type-page","status-publish","hentry"],"_links":{"self":[{"href":"https:\/\/usvit2011.domkaliskova.sk\/index.php?rest_route=\/wp\/v2\/pages\/26","targetHints":{"allow":["GET"]}}],"collection":[{"href":"https:\/\/usvit2011.domkaliskova.sk\/index.php?rest_route=\/wp\/v2\/pages"}],"about":[{"href":"https:\/\/usvit2011.domkaliskova.sk\/index.php?rest_route=\/wp\/v2\/types\/page"}],"author":[{"embeddable":true,"href":"https:\/\/usvit2011.domkaliskova.sk\/index.php?rest_route=\/wp\/v2\/users\/1"}],"replies":[{"embeddable":true,"href":"https:\/\/usvit2011.domkaliskova.sk\/index.php?rest_route=%2Fwp%2Fv2%2Fcomments&post=26"}],"version-history":[{"count":7,"href":"https:\/\/usvit2011.domkaliskova.sk\/index.php?rest_route=\/wp\/v2\/pages\/26\/revisions"}],"predecessor-version":[{"id":225,"href":"https:\/\/usvit2011.domkaliskova.sk\/index.php?rest_route=\/wp\/v2\/pages\/26\/revisions\/225"}],"wp:attachment":[{"href":"https:\/\/usvit2011.domkaliskova.sk\/index.php?rest_route=%2Fwp%2Fv2%2Fmedia&parent=26"}],"curies":[{"name":"wp","href":"https:\/\/api.w.org\/{rel}","templated":true}]}}