{"id":10,"date":"2011-10-10T13:34:50","date_gmt":"2011-10-10T12:34:50","guid":{"rendered":"http:\/\/usvit2.domkaliskova.sk\/?page_id=10"},"modified":"2011-10-18T08:45:45","modified_gmt":"2011-10-18T07:45:45","slug":"o-usvite","status":"publish","type":"page","link":"https:\/\/usvit2011.domkaliskova.sk\/?page_id=10","title":{"rendered":"O \u00daSVITE"},"content":{"rendered":"<p><strong>Celoro\u010dn\u00e1 strediskov\u00e1 hra \u00daSVIT<\/strong> je s\u00fabor pravideln\u00fdch aktiv\u00edt odohr\u00e1vaj\u00faci sa po\u010das \u0161kolsk\u00e9ho roka. Je ur\u010den\u00e1 predov\u0161etk\u00fdm pre deti a ml\u00e1de\u017e vo veku 10-20 rokov.<\/p>\n<p><strong>Cie\u013e hry<\/strong><br \/>\nJe to najm\u00e4 podpora pravidelnej \u010dinnosti, rozv\u00edjanie priate\u013esk\u00fdch vz\u0165ahov, zv\u00fd\u0161enie \u00fa\u010dasti na podujatiach a zmyslupln\u00e9 vyu\u017eitie vo\u013en\u00e9ho \u010dasu mlad\u00fdch. Pre star\u0161\u00edch tie\u017e mo\u017enos\u0165 vedenia skupiny a rozvoj organiza\u010dn\u00fdch schopnost\u00ed.<\/p>\n<p><strong>Priebeh hry<\/strong><br \/>\n\u00da\u010dastn\u00edci hry s\u00fa zdru\u017een\u00ed v s\u00fa\u0165a\u017en\u00fdch t\u00edmoch (6-12 \u010dlenov). Minim\u00e1lne 2x mesa\u010dne dost\u00e1vaj\u00fa \u00falohy r\u00f4zneho zamerania, ktor\u00e9 sa sna\u017eia \u010do najlep\u0161ie splni\u0165.\u00a0 Splnenie \u00faloh je hodnoten\u00e9, na konci hry s\u00fa odmenen\u00ed pod\u013ea dosiahnut\u00e9ho po\u010dtu bodov.<\/p>\n<p><strong>Zameranie \u00faloh<\/strong><br \/>\nt\u00edmov\u00e1 spolupr\u00e1ca, tvorivos\u0165, \u0161ikovnos\u0165, zdatnos\u0165, logick\u00e9 myslenie, z\u00edskavanie vedomost\u00ed<\/p>\n<p><strong>Arch\u00edv<\/strong><br \/>\n<a href=\"http:\/\/usvit2010.domkaliskova.sk\" target=\"_blank\">1. ro\u010dn\u00edk\u00a0 -\u0161kolsk\u00fd rok 2010\/11<\/a><\/p>\n<p><strong>Kontakt<\/strong><br \/>\nV pr\u00edpade ot\u00e1zok kontaktujte organiza\u010dn\u00fd t\u00edm \u00daSVITU alebo p\u00ed\u0161te na <span style=\"color: #ff9900;\">usvit@domkaliskova.sk<\/span><\/p>\n<p><strong>Organiza\u010dn\u00fd t\u00edm<\/strong><br \/>\nJaroslav Timko ml., Mari\u00e1n \u017d\u00fabor, Veronika Timkov\u00e1, Alexandra Kubalov\u00e1, Matej Hradsk\u00fd<br \/>\n<em><\/em><\/p>\n<p><em>Hru \u00daSVIT pripravuje Domka \u2013 Zdru\u017eenie salezi\u00e1nskej ml\u00e1de\u017ee v Liskovej.<\/em><\/p>\n","protected":false},"excerpt":{"rendered":"<p>Celoro\u010dn\u00e1 strediskov\u00e1 hra \u00daSVIT je s\u00fabor pravideln\u00fdch aktiv\u00edt odohr\u00e1vaj\u00faci sa po\u010das \u0161kolsk\u00e9ho roka. Je ur\u010den\u00e1 predov\u0161etk\u00fdm pre deti a ml\u00e1de\u017e vo veku 10-20 rokov. Cie\u013e hry Je to najm\u00e4 podpora pravidelnej \u010dinnosti, rozv\u00edjanie priate\u013esk\u00fdch vz\u0165ahov, zv\u00fd\u0161enie \u00fa\u010dasti na podujatiach a &hellip; <a href=\"https:\/\/usvit2011.domkaliskova.sk\/?page_id=10\">Pokra\u010dova\u0165 v \u010d\u00edtan\u00ed <span class=\"meta-nav\">&rarr;<\/span><\/a><\/p>\n","protected":false},"author":1,"featured_media":0,"parent":0,"menu_order":0,"comment_status":"open","ping_status":"open","template":"","meta":[],"class_list":["post-10","page","type-page","status-publish","hentry"],"_links":{"self":[{"href":"https:\/\/usvit2011.domkaliskova.sk\/index.php?rest_route=\/wp\/v2\/pages\/10","targetHints":{"allow":["GET"]}}],"collection":[{"href":"https:\/\/usvit2011.domkaliskova.sk\/index.php?rest_route=\/wp\/v2\/pages"}],"about":[{"href":"https:\/\/usvit2011.domkaliskova.sk\/index.php?rest_route=\/wp\/v2\/types\/page"}],"author":[{"embeddable":true,"href":"https:\/\/usvit2011.domkaliskova.sk\/index.php?rest_route=\/wp\/v2\/users\/1"}],"replies":[{"embeddable":true,"href":"https:\/\/usvit2011.domkaliskova.sk\/index.php?rest_route=%2Fwp%2Fv2%2Fcomments&post=10"}],"version-history":[{"count":11,"href":"https:\/\/usvit2011.domkaliskova.sk\/index.php?rest_route=\/wp\/v2\/pages\/10\/revisions"}],"predecessor-version":[{"id":14,"href":"https:\/\/usvit2011.domkaliskova.sk\/index.php?rest_route=\/wp\/v2\/pages\/10\/revisions\/14"}],"wp:attachment":[{"href":"https:\/\/usvit2011.domkaliskova.sk\/index.php?rest_route=%2Fwp%2Fv2%2Fmedia&parent=10"}],"curies":[{"name":"wp","href":"https:\/\/api.w.org\/{rel}","templated":true}]}}